{"id":1447,"date":"2025-01-27T09:49:31","date_gmt":"2025-01-27T09:49:31","guid":{"rendered":"https:\/\/childsrights.org\/academic-partners\/"},"modified":"2025-05-16T21:13:08","modified_gmt":"2025-05-16T21:13:08","slug":"academic-partners","status":"publish","type":"page","link":"https:\/\/childsrights.org\/en\/academic-partners\/","title":{"rendered":"Academic partners"},"content":{"rendered":"<p>[et_pb_section fb_built=&#8221;1&#8243; admin_label=&#8221;Header&#8221; _builder_version=&#8221;4.27.4&#8243; _module_preset=&#8221;default&#8221; use_background_color_gradient=&#8221;on&#8221; background_color_gradient_stops=&#8221;rgba(0,0,0,0.8) 30%|rgba(0,0,0,0.1) 100%&#8221; background_image=&#8221;https:\/\/childsrights.org\/wp-content\/uploads\/2025\/01\/world_map.jpg&#8221; height=&#8221;600px&#8221; custom_margin=&#8221;||||false|false&#8221; custom_padding=&#8221;5vw||40px||false|false&#8221; locked=&#8221;on&#8221; collapsed=&#8221;on&#8221; global_colors_info=&#8221;{}&#8221;][\/et_pb_section][et_pb_section fb_built=&#8221;1&#8243; admin_label=&#8221;Contact Info&#8221; _builder_version=&#8221;4.20.0&#8243; _module_preset=&#8221;default&#8221; background_color=&#8221;RGBA(255,255,255,0)&#8221; custom_padding=&#8221;0px||||false|false&#8221; collapsed=&#8221;on&#8221; global_colors_info=&#8221;{}&#8221;][et_pb_row custom_padding_last_edited=&#8221;on|tablet&#8221; _builder_version=&#8221;4.27.4&#8243; _module_preset=&#8221;default&#8221; background_color=&#8221;gcid-secondary-color&#8221; max_width=&#8221;613px&#8221; custom_margin=&#8221;-50px||||false|false&#8221; custom_padding=&#8221;15px|0px|15px|0px|true|true&#8221; custom_padding_tablet=&#8221;30px|30px|30px|30px|true|true&#8221; custom_padding_phone=&#8221;20px|20px|20px|20px|true|true&#8221; border_radii=&#8221;on|5px|5px|5px|5px&#8221; locked=&#8221;off&#8221; global_colors_info=&#8221;{%22gcid-secondary-color%22:%91%22background_color%22%93}&#8221;][et_pb_column type=&#8221;4_4&#8243; _builder_version=&#8221;4.20.0&#8243; _module_preset=&#8221;default&#8221; global_colors_info=&#8221;{}&#8221;][et_pb_text _builder_version=&#8221;4.27.4&#8243; _module_preset=&#8221;5a99fbd1-2eb2-42d1-a3ef-14c7a5fa0c88&#8243; text_text_color=&#8221;#000000&#8243; header_font=&#8221;Jost|||on|||||&#8221; header_text_color=&#8221;#000000&#8243; header_font_size=&#8221;38px&#8221; text_orientation=&#8221;center&#8221; min_height=&#8221;30px&#8221; custom_margin=&#8221;||0px||false|false&#8221; custom_padding=&#8221;15px|0px|15px|0px|true|true&#8221; locked=&#8221;off&#8221; global_colors_info=&#8221;{}&#8221;]<\/p>\n<h1>Academic partners<\/h1>\n<p>[\/et_pb_text][\/et_pb_column][\/et_pb_row][\/et_pb_section][et_pb_section fb_built=&#8221;1&#8243; admin_label=&#8221;Header&#8221; _builder_version=&#8221;4.27.4&#8243; _module_preset=&#8221;default&#8221; background_color=&#8221;RGBA(255,255,255,0)&#8221; collapsed=&#8221;on&#8221; global_colors_info=&#8221;{}&#8221;][et_pb_row column_structure=&#8221;1_2,1_2&#8243; use_custom_gutter=&#8221;on&#8221; gutter_width=&#8221;2&#8243; make_equal=&#8221;on&#8221; _builder_version=&#8221;4.27.4&#8243; _module_preset=&#8221;default&#8221; width=&#8221;90%&#8221; max_width=&#8221;1500px&#8221; global_colors_info=&#8221;{}&#8221;][et_pb_column type=&#8221;1_2&#8243; module_class=&#8221;filigrane&#8221; _builder_version=&#8221;4.27.4&#8243; _module_preset=&#8221;default&#8221; background_color=&#8221;RGBA(255,255,255,0)&#8221; background_image=&#8221;https:\/\/childsrights.org\/wp-content\/uploads\/2025\/01\/africa.jpg&#8221; background_blend=&#8221;hard-light&#8221; custom_padding=&#8221;50px|30px|50px|30px|false|true&#8221; custom_css_free_form=&#8221;.filigrane {||    position: relative;||    z-index: 0; \/* D\u00e9finit le niveau de base *\/||}||||.filigrane::before {||    content: %22%22;||    position: absolute;||    top: 0;||    left: 0;||    right: 0;||    bottom: 0;||    background-color: rgba(255, 255, 255, 0.9); \/* Fond blanc semi-transparent *\/||    z-index: 1; \/* Le fond est en dessous des enfants *\/||}||||.filigrane .et_pb_column_inner, \/* S\u00e9lectionne l&#8217;\u00e9l\u00e9ment contenant le texte *\/||.filigrane .et_pb_text {||    position: relative;||    z-index: 2; \/* Place le texte au-dessus du fond *\/||}&#8221; border_radii=&#8221;on|15px|15px|15px|15px&#8221; border_width_all=&#8221;1px&#8221; border_color_all=&#8221;#000000&#8243; box_shadow_style=&#8221;preset2&#8243; box_shadow_horizontal=&#8221;0px&#8221; box_shadow_vertical=&#8221;4px&#8221; box_shadow_blur=&#8221;8px&#8221; global_colors_info=&#8221;{}&#8221;][et_pb_text _builder_version=&#8221;4.27.4&#8243; _module_preset=&#8221;default&#8221; header_line_height=&#8221;1.7em&#8221; header_2_text_align=&#8221;center&#8221; header_2_text_color=&#8221;gcid-heading-color&#8221; header_2_font_size=&#8221;38px&#8221; header_2_line_height=&#8221;1.7em&#8221; header_2_text_shadow_style=&#8221;preset1&#8243; header_2_text_shadow_horizontal_length=&#8221;1em&#8221; header_2_text_shadow_vertical_length=&#8221;1em&#8221; header_2_text_shadow_blur_strength=&#8221;2em&#8221; header_2_text_shadow_color=&#8221;rgba(0,0,0,0.1)&#8221; global_colors_info=&#8221;{%22gcid-heading-color%22:%91%22header_2_text_color%22%93}&#8221;]<\/p>\n<h2>Africa<\/h2>\n<p>[\/et_pb_text][et_pb_text _builder_version=&#8221;4.27.4&#8243; _module_preset=&#8221;default&#8221; text_text_color=&#8221;gcid-body-color&#8221; link_text_color=&#8221;gcid-body-color&#8221; ul_text_color=&#8221;gcid-body-color&#8221; ul_font_size=&#8221;22px&#8221; ul_line_height=&#8221;2.1em&#8221; hover_enabled=&#8221;0&#8243; ul_text_shadow_style=&#8221;preset1&#8243; ul_text_shadow_horizontal_length=&#8221;1em&#8221; ul_text_shadow_vertical_length=&#8221;1em&#8221; ul_text_shadow_blur_strength=&#8221;2em&#8221; ul_text_shadow_color=&#8221;rgba(0,0,0,0.1)&#8221; global_colors_info=&#8221;{%22gcid-body-color%22:%91%22link_text_color%22,%22text_text_color%22,%22ul_text_color%22%93,%22gcid-secondary-color%22:%91%22link_text_color__hover%22%93}&#8221; link_text_color__hover_enabled=&#8221;on|hover&#8221; link_text_color__hover=&#8221;#ffce49&#8243; sticky_enabled=&#8221;0&#8243;]<\/p>\n<ul>\n<li>Universit\u00e9 de Cheick Anta Diop (UCAD) with Institut<br \/>des droits de l&#8217;Homme et de la paix (IDHP)<\/li>\n<li>Thomas Sankara University<\/li>\n<li>University of Nouakchott<\/li>\n<li>Mohamed V University<\/li>\n<\/ul>\n<p>[\/et_pb_text][\/et_pb_column][et_pb_column type=&#8221;1_2&#8243; module_class=&#8221;filigrane&#8221; _builder_version=&#8221;4.27.4&#8243; _module_preset=&#8221;default&#8221; background_color=&#8221;RGBA(255,255,255,0)&#8221; background_image=&#8221;https:\/\/childsrights.org\/wp-content\/uploads\/2025\/01\/europe.jpg&#8221; background_blend=&#8221;hard-light&#8221; custom_padding=&#8221;50px|30px|50px|30px|false|true&#8221; custom_css_free_form=&#8221;.filigrane {||    position: relative;||    z-index: 0; \/* D\u00e9finit le niveau de base *\/||}||||.filigrane::before {||    content: %22%22;||    position: absolute;||    top: 0;||    left: 0;||    right: 0;||    bottom: 0;||    background-color: rgba(255, 255, 255, 0.9); \/* Fond blanc semi-transparent *\/||    z-index: 1; \/* Le fond est en dessous des enfants *\/||}||||.filigrane .et_pb_column_inner, \/* S\u00e9lectionne l&#8217;\u00e9l\u00e9ment contenant le texte *\/||.filigrane .et_pb_text {||    position: relative;||    z-index: 2; \/* Place le texte au-dessus du fond *\/||}||&#8221; border_radii=&#8221;on|15px|15px|15px|15px&#8221; border_width_all=&#8221;1px&#8221; border_color_all=&#8221;#000000&#8243; box_shadow_style=&#8221;preset2&#8243; box_shadow_horizontal=&#8221;0px&#8221; box_shadow_vertical=&#8221;4px&#8221; box_shadow_blur=&#8221;8px&#8221; global_colors_info=&#8221;{}&#8221;][et_pb_text _builder_version=&#8221;4.27.4&#8243; _module_preset=&#8221;default&#8221; header_line_height=&#8221;1.7em&#8221; header_2_text_align=&#8221;center&#8221; header_2_text_color=&#8221;gcid-heading-color&#8221; header_2_font_size=&#8221;38px&#8221; header_2_line_height=&#8221;1.7em&#8221; header_2_text_shadow_style=&#8221;preset1&#8243; header_2_text_shadow_horizontal_length=&#8221;1em&#8221; header_2_text_shadow_vertical_length=&#8221;1em&#8221; header_2_text_shadow_blur_strength=&#8221;2em&#8221; header_2_text_shadow_color=&#8221;rgba(0,0,0,0.1)&#8221; global_colors_info=&#8221;{%22gcid-heading-color%22:%91%22header_2_text_color%22%93}&#8221;]<\/p>\n<h2>Europe<\/h2>\n<p>[\/et_pb_text][et_pb_text _builder_version=&#8221;4.27.4&#8243; _module_preset=&#8221;default&#8221; text_text_color=&#8221;gcid-body-color&#8221; link_text_color=&#8221;gcid-body-color&#8221; ul_text_color=&#8221;gcid-body-color&#8221; ul_font_size=&#8221;22px&#8221; ul_line_height=&#8221;2.1em&#8221; hover_enabled=&#8221;0&#8243; ul_text_shadow_style=&#8221;preset1&#8243; ul_text_shadow_horizontal_length=&#8221;1em&#8221; ul_text_shadow_vertical_length=&#8221;1em&#8221; ul_text_shadow_blur_strength=&#8221;2em&#8221; ul_text_shadow_color=&#8221;rgba(0,0,0,0.1)&#8221; global_colors_info=&#8221;{%22gcid-body-color%22:%91%22link_text_color%22,%22text_text_color%22,%22ul_text_color%22%93,%22gcid-secondary-color%22:%91%22link_text_color__hover%22%93}&#8221; link_text_color__hover_enabled=&#8221;on|hover&#8221; link_text_color__hover=&#8221;#ffce49&#8243; sticky_enabled=&#8221;0&#8243;]<\/p>\n<ul>\n<li>Interfaculty Center for Children&#8217;s Rights (CIDE)<\/li>\n<li>Zurich University of Applied Sciences (ZHAW)<\/li>\n<li>Haute Ecole P\u00e9dagogique du Valais (Hep VS)<\/li>\n<li>University of Applied Sciences Northwestern Switzerland (FHNW)<\/li>\n<li>Catholic University of Lyon (UCLy)<\/li>\n<li>University of Lausanne (UNIL)<\/li>\n<\/ul>\n<p>[\/et_pb_text][\/et_pb_column][\/et_pb_row][et_pb_row column_structure=&#8221;1_2,1_2&#8243; use_custom_gutter=&#8221;on&#8221; gutter_width=&#8221;2&#8243; make_equal=&#8221;on&#8221; _builder_version=&#8221;4.27.4&#8243; _module_preset=&#8221;default&#8221; width=&#8221;90%&#8221; max_width=&#8221;1500px&#8221; global_colors_info=&#8221;{}&#8221;][et_pb_column type=&#8221;1_2&#8243; module_class=&#8221;filigrane&#8221; _builder_version=&#8221;4.27.4&#8243; _module_preset=&#8221;default&#8221; background_color=&#8221;RGBA(255,255,255,0)&#8221; background_image=&#8221;https:\/\/childsrights.org\/wp-content\/uploads\/2025\/01\/middle-east.jpg&#8221; background_blend=&#8221;hard-light&#8221; custom_padding=&#8221;50px|30px|50px|30px|false|true&#8221; custom_css_free_form=&#8221;.filigrane {||    position: relative;||    z-index: 0; \/* D\u00e9finit le niveau de base *\/||}||||.filigrane::before {||    content: %22%22;||    position: absolute;||    top: 0;||    left: 0;||    right: 0;||    bottom: 0;||    background-color: rgba(255, 255, 255, 0.9); \/* Fond blanc semi-transparent *\/||    z-index: 1; \/* Le fond est en dessous des enfants *\/||}||||.filigrane .et_pb_column_inner, \/* S\u00e9lectionne l&#8217;\u00e9l\u00e9ment contenant le texte *\/||.filigrane .et_pb_text {||    position: relative;||    z-index: 2; \/* Place le texte au-dessus du fond *\/||}||&#8221; border_radii=&#8221;on|15px|15px|15px|15px&#8221; border_width_all=&#8221;1px&#8221; border_color_all=&#8221;#000000&#8243; box_shadow_style=&#8221;preset2&#8243; box_shadow_horizontal=&#8221;0px&#8221; box_shadow_vertical=&#8221;4px&#8221; box_shadow_blur=&#8221;8px&#8221; global_colors_info=&#8221;{}&#8221;][et_pb_text _builder_version=&#8221;4.27.4&#8243; _module_preset=&#8221;default&#8221; header_line_height=&#8221;1.7em&#8221; header_2_text_align=&#8221;center&#8221; header_2_text_color=&#8221;gcid-heading-color&#8221; header_2_font_size=&#8221;38px&#8221; header_2_line_height=&#8221;1.7em&#8221; header_2_text_shadow_style=&#8221;preset1&#8243; header_2_text_shadow_horizontal_length=&#8221;1em&#8221; header_2_text_shadow_vertical_length=&#8221;1em&#8221; header_2_text_shadow_blur_strength=&#8221;2em&#8221; header_2_text_shadow_color=&#8221;rgba(0,0,0,0.1)&#8221; global_colors_info=&#8221;{%22gcid-heading-color%22:%91%22header_2_text_color%22%93}&#8221;]<\/p>\n<h2>Middle East<\/h2>\n<p>[\/et_pb_text][et_pb_text _builder_version=&#8221;4.27.4&#8243; _module_preset=&#8221;default&#8221; text_text_color=&#8221;gcid-body-color&#8221; link_text_color=&#8221;gcid-body-color&#8221; ul_text_color=&#8221;gcid-body-color&#8221; ul_font_size=&#8221;22px&#8221; ul_line_height=&#8221;2.1em&#8221; hover_enabled=&#8221;0&#8243; ul_text_shadow_style=&#8221;preset1&#8243; ul_text_shadow_horizontal_length=&#8221;1em&#8221; ul_text_shadow_vertical_length=&#8221;1em&#8221; ul_text_shadow_blur_strength=&#8221;2em&#8221; ul_text_shadow_color=&#8221;rgba(0,0,0,0.1)&#8221; global_colors_info=&#8221;{%22gcid-body-color%22:%91%22link_text_color%22,%22text_text_color%22,%22ul_text_color%22%93,%22gcid-secondary-color%22:%91%22link_text_color__hover%22%93}&#8221; link_text_color__hover_enabled=&#8221;on|hover&#8221; link_text_color__hover=&#8221;#ffce49&#8243; sticky_enabled=&#8221;0&#8243;]<\/p>\n<ul>\n<li>Baghdad University<\/li>\n<li>Beir Zeit University<\/li>\n<li>Carthage University<\/li>\n<li>Saint Joseph University<\/li>\n<\/ul>\n<p>[\/et_pb_text][\/et_pb_column][et_pb_column type=&#8221;1_2&#8243; module_class=&#8221;filigrane&#8221; _builder_version=&#8221;4.27.4&#8243; _module_preset=&#8221;default&#8221; background_color=&#8221;RGBA(255,255,255,0)&#8221; background_image=&#8221;https:\/\/childsrights.org\/wp-content\/uploads\/2025\/01\/ibero_americain_0.jpg&#8221; background_blend=&#8221;hard-light&#8221; custom_padding=&#8221;50px|30px|50px|30px|false|true&#8221; custom_css_free_form=&#8221;.filigrane {||    position: relative;||    z-index: 0; \/* D\u00e9finit le niveau de base *\/||}||||.filigrane::before {||    content: %22%22;||    position: absolute;||    top: 0;||    left: 0;||    right: 0;||    bottom: 0;||    background-color: rgba(255, 255, 255, 0.9); \/* Fond blanc semi-transparent *\/||    z-index: 1; \/* Le fond est en dessous des enfants *\/||}||||.filigrane .et_pb_column_inner, \/* S\u00e9lectionne l&#8217;\u00e9l\u00e9ment contenant le texte *\/||.filigrane .et_pb_text {||    position: relative;||    z-index: 2; \/* Place le texte au-dessus du fond *\/||}||&#8221; border_radii=&#8221;on|15px|15px|15px|15px&#8221; border_width_all=&#8221;1px&#8221; border_color_all=&#8221;#000000&#8243; box_shadow_style=&#8221;preset2&#8243; box_shadow_horizontal=&#8221;0px&#8221; box_shadow_vertical=&#8221;4px&#8221; box_shadow_blur=&#8221;8px&#8221; global_colors_info=&#8221;{}&#8221;][et_pb_text _builder_version=&#8221;4.27.4&#8243; _module_preset=&#8221;default&#8221; header_line_height=&#8221;1.7em&#8221; header_2_text_align=&#8221;center&#8221; header_2_text_color=&#8221;gcid-heading-color&#8221; header_2_font_size=&#8221;38px&#8221; header_2_line_height=&#8221;1.7em&#8221; header_2_text_shadow_style=&#8221;preset1&#8243; header_2_text_shadow_horizontal_length=&#8221;1em&#8221; header_2_text_shadow_vertical_length=&#8221;1em&#8221; header_2_text_shadow_blur_strength=&#8221;2em&#8221; header_2_text_shadow_color=&#8221;rgba(0,0,0,0.1)&#8221; global_colors_info=&#8221;{%22gcid-heading-color%22:%91%22header_2_text_color%22%93}&#8221;]<\/p>\n<h2>Ibero-American region<\/h2>\n<p>[\/et_pb_text][et_pb_text _builder_version=&#8221;4.27.4&#8243; _module_preset=&#8221;default&#8221; text_text_color=&#8221;gcid-body-color&#8221; link_text_color=&#8221;gcid-body-color&#8221; ul_text_color=&#8221;gcid-body-color&#8221; ul_font_size=&#8221;22px&#8221; ul_line_height=&#8221;2.1em&#8221; hover_enabled=&#8221;0&#8243; ul_text_shadow_style=&#8221;preset1&#8243; ul_text_shadow_horizontal_length=&#8221;1em&#8221; ul_text_shadow_vertical_length=&#8221;1em&#8221; ul_text_shadow_blur_strength=&#8221;2em&#8221; ul_text_shadow_color=&#8221;rgba(0,0,0,0.1)&#8221; global_colors_info=&#8221;{%22gcid-body-color%22:%91%22link_text_color%22,%22text_text_color%22,%22ul_text_color%22%93,%22gcid-secondary-color%22:%91%22link_text_color__hover%22%93}&#8221; link_text_color__hover_enabled=&#8221;on|hover&#8221; link_text_color__hover=&#8221;#ffce49&#8243; sticky_enabled=&#8221;0&#8243;]<\/p>\n<ul>\n<li>Valencia University<\/li>\n<\/ul>\n<p>[\/et_pb_text][\/et_pb_column][\/et_pb_row][\/et_pb_section]<\/p>\n","protected":false},"excerpt":{"rendered":"<p>Academic partnersAfrica Universit\u00e9 de Cheick Anta Diop (UCAD) with Institutdes droits de l&#8217;Homme et de la paix (IDHP) Thomas Sankara University University of Nouakchott Mohamed V University Europe Interfaculty Center for Children&#8217;s Rights (CIDE) Zurich University of Applied Sciences (ZHAW) Haute Ecole P\u00e9dagogique du Valais (Hep VS) University of Applied Sciences Northwestern Switzerland (FHNW) Catholic [&hellip;]<\/p>\n","protected":false},"author":2,"featured_media":0,"parent":0,"menu_order":0,"comment_status":"closed","ping_status":"closed","template":"","meta":{"_et_pb_use_builder":"on","_et_pb_old_content":"","_et_gb_content_width":"","footnotes":""},"class_list":["post-1447","page","type-page","status-publish","hentry"],"yoast_head":"<!-- This site is optimized with the Yoast SEO plugin v27.4 - https:\/\/yoast.com\/product\/yoast-seo-wordpress\/ -->\n<title>Academic partners - IDE Sion \u2013 Institut international des droits de l\u2019enfant<\/title>\n<meta name=\"description\" content=\"Plateforme officielle de l\u2019IDE \u2013 Institut international des droits de l\u2019enfant. D\u00e9couvrez nos publications, formations et rapports pour la d\u00e9fense des droits de l\u2019enfant.\" \/>\n<meta name=\"robots\" content=\"index, follow, max-snippet:-1, max-image-preview:large, max-video-preview:-1\" \/>\n<link rel=\"canonical\" href=\"https:\/\/childsrights.org\/en\/academic-partners\/\" \/>\n<meta property=\"og:locale\" content=\"en_US\" \/>\n<meta property=\"og:type\" content=\"article\" \/>\n<meta property=\"og:title\" content=\"Academic partners - IDE Sion \u2013 Institut international des droits de l\u2019enfant\" \/>\n<meta property=\"og:description\" content=\"Plateforme officielle de l\u2019IDE \u2013 Institut international des droits de l\u2019enfant. D\u00e9couvrez nos publications, formations et rapports pour la d\u00e9fense des droits de l\u2019enfant.\" \/>\n<meta property=\"og:url\" content=\"https:\/\/childsrights.org\/en\/academic-partners\/\" \/>\n<meta property=\"og:site_name\" content=\"Institut international des droits de l&#039;enfant\" \/>\n<meta property=\"article:publisher\" content=\"https:\/\/www.facebook.com\/ideSion\" \/>\n<meta property=\"article:modified_time\" content=\"2025-05-16T21:13:08+00:00\" \/>\n<meta name=\"twitter:card\" content=\"summary_large_image\" \/>\n<meta name=\"twitter:site\" content=\"@info_ide\" \/>\n<meta name=\"twitter:label1\" content=\"Est. reading time\" \/>\n\t<meta name=\"twitter:data1\" content=\"8 minutes\" \/>\n<script type=\"application\/ld+json\" class=\"yoast-schema-graph\">{\"@context\":\"https:\\\/\\\/schema.org\",\"@graph\":[{\"@type\":\"WebPage\",\"@id\":\"https:\\\/\\\/childsrights.org\\\/en\\\/academic-partners\\\/\",\"url\":\"https:\\\/\\\/childsrights.org\\\/en\\\/academic-partners\\\/\",\"name\":\"Academic partners - IDE Sion \u2013 Institut international des droits de l\u2019enfant\",\"isPartOf\":{\"@id\":\"https:\\\/\\\/childsrights.org\\\/en\\\/#website\"},\"datePublished\":\"2025-01-27T09:49:31+00:00\",\"dateModified\":\"2025-05-16T21:13:08+00:00\",\"description\":\"Plateforme officielle de l\u2019IDE \u2013 Institut international des droits de l\u2019enfant. D\u00e9couvrez nos publications, formations et rapports pour la d\u00e9fense des droits de l\u2019enfant.\",\"breadcrumb\":{\"@id\":\"https:\\\/\\\/childsrights.org\\\/en\\\/academic-partners\\\/#breadcrumb\"},\"inLanguage\":\"en-US\",\"potentialAction\":[{\"@type\":\"ReadAction\",\"target\":[\"https:\\\/\\\/childsrights.org\\\/en\\\/academic-partners\\\/\"]}]},{\"@type\":\"BreadcrumbList\",\"@id\":\"https:\\\/\\\/childsrights.org\\\/en\\\/academic-partners\\\/#breadcrumb\",\"itemListElement\":[{\"@type\":\"ListItem\",\"position\":1,\"name\":\"Accueil\",\"item\":\"https:\\\/\\\/childsrights.org\\\/en\\\/home\\\/\"},{\"@type\":\"ListItem\",\"position\":2,\"name\":\"Academic partners\"}]},{\"@type\":\"WebSite\",\"@id\":\"https:\\\/\\\/childsrights.org\\\/en\\\/#website\",\"url\":\"https:\\\/\\\/childsrights.org\\\/en\\\/\",\"name\":\"Institut international des droits de l'enfant\",\"description\":\"International Institute for the Rights of the Child\",\"publisher\":{\"@id\":\"https:\\\/\\\/childsrights.org\\\/en\\\/#organization\"},\"potentialAction\":[{\"@type\":\"SearchAction\",\"target\":{\"@type\":\"EntryPoint\",\"urlTemplate\":\"https:\\\/\\\/childsrights.org\\\/en\\\/?s={search_term_string}\"},\"query-input\":{\"@type\":\"PropertyValueSpecification\",\"valueRequired\":true,\"valueName\":\"search_term_string\"}}],\"inLanguage\":\"en-US\"},{\"@type\":\"Organization\",\"@id\":\"https:\\\/\\\/childsrights.org\\\/en\\\/#organization\",\"name\":\"Institut international des droits de l'enfant\",\"url\":\"https:\\\/\\\/childsrights.org\\\/en\\\/\",\"logo\":{\"@type\":\"ImageObject\",\"inLanguage\":\"en-US\",\"@id\":\"https:\\\/\\\/childsrights.org\\\/en\\\/#\\\/schema\\\/logo\\\/image\\\/\",\"url\":\"https:\\\/\\\/childsrights.org\\\/wp-content\\\/uploads\\\/2025\\\/02\\\/logo.png\",\"contentUrl\":\"https:\\\/\\\/childsrights.org\\\/wp-content\\\/uploads\\\/2025\\\/02\\\/logo.png\",\"width\":190,\"height\":190,\"caption\":\"Institut international des droits de l'enfant\"},\"image\":{\"@id\":\"https:\\\/\\\/childsrights.org\\\/en\\\/#\\\/schema\\\/logo\\\/image\\\/\"},\"sameAs\":[\"https:\\\/\\\/www.facebook.com\\\/ideSion\",\"https:\\\/\\\/x.com\\\/info_ide\",\"https:\\\/\\\/www.instagram.com\\\/ide.ch\\\/\",\"https:\\\/\\\/fr.linkedin.com\\\/company\\\/institut-international-des-droits-de-l-enfant-ide\"]}]}<\/script>\n<!-- \/ Yoast SEO plugin. -->","yoast_head_json":{"title":"Academic partners - IDE Sion \u2013 Institut international des droits de l\u2019enfant","description":"Plateforme officielle de l\u2019IDE \u2013 Institut international des droits de l\u2019enfant. D\u00e9couvrez nos publications, formations et rapports pour la d\u00e9fense des droits de l\u2019enfant.","robots":{"index":"index","follow":"follow","max-snippet":"max-snippet:-1","max-image-preview":"max-image-preview:large","max-video-preview":"max-video-preview:-1"},"canonical":"https:\/\/childsrights.org\/en\/academic-partners\/","og_locale":"en_US","og_type":"article","og_title":"Academic partners - IDE Sion \u2013 Institut international des droits de l\u2019enfant","og_description":"Plateforme officielle de l\u2019IDE \u2013 Institut international des droits de l\u2019enfant. D\u00e9couvrez nos publications, formations et rapports pour la d\u00e9fense des droits de l\u2019enfant.","og_url":"https:\/\/childsrights.org\/en\/academic-partners\/","og_site_name":"Institut international des droits de l&#039;enfant","article_publisher":"https:\/\/www.facebook.com\/ideSion","article_modified_time":"2025-05-16T21:13:08+00:00","twitter_card":"summary_large_image","twitter_site":"@info_ide","twitter_misc":{"Est. reading time":"8 minutes"},"schema":{"@context":"https:\/\/schema.org","@graph":[{"@type":"WebPage","@id":"https:\/\/childsrights.org\/en\/academic-partners\/","url":"https:\/\/childsrights.org\/en\/academic-partners\/","name":"Academic partners - IDE Sion \u2013 Institut international des droits de l\u2019enfant","isPartOf":{"@id":"https:\/\/childsrights.org\/en\/#website"},"datePublished":"2025-01-27T09:49:31+00:00","dateModified":"2025-05-16T21:13:08+00:00","description":"Plateforme officielle de l\u2019IDE \u2013 Institut international des droits de l\u2019enfant. D\u00e9couvrez nos publications, formations et rapports pour la d\u00e9fense des droits de l\u2019enfant.","breadcrumb":{"@id":"https:\/\/childsrights.org\/en\/academic-partners\/#breadcrumb"},"inLanguage":"en-US","potentialAction":[{"@type":"ReadAction","target":["https:\/\/childsrights.org\/en\/academic-partners\/"]}]},{"@type":"BreadcrumbList","@id":"https:\/\/childsrights.org\/en\/academic-partners\/#breadcrumb","itemListElement":[{"@type":"ListItem","position":1,"name":"Accueil","item":"https:\/\/childsrights.org\/en\/home\/"},{"@type":"ListItem","position":2,"name":"Academic partners"}]},{"@type":"WebSite","@id":"https:\/\/childsrights.org\/en\/#website","url":"https:\/\/childsrights.org\/en\/","name":"Institut international des droits de l'enfant","description":"International Institute for the Rights of the Child","publisher":{"@id":"https:\/\/childsrights.org\/en\/#organization"},"potentialAction":[{"@type":"SearchAction","target":{"@type":"EntryPoint","urlTemplate":"https:\/\/childsrights.org\/en\/?s={search_term_string}"},"query-input":{"@type":"PropertyValueSpecification","valueRequired":true,"valueName":"search_term_string"}}],"inLanguage":"en-US"},{"@type":"Organization","@id":"https:\/\/childsrights.org\/en\/#organization","name":"Institut international des droits de l'enfant","url":"https:\/\/childsrights.org\/en\/","logo":{"@type":"ImageObject","inLanguage":"en-US","@id":"https:\/\/childsrights.org\/en\/#\/schema\/logo\/image\/","url":"https:\/\/childsrights.org\/wp-content\/uploads\/2025\/02\/logo.png","contentUrl":"https:\/\/childsrights.org\/wp-content\/uploads\/2025\/02\/logo.png","width":190,"height":190,"caption":"Institut international des droits de l'enfant"},"image":{"@id":"https:\/\/childsrights.org\/en\/#\/schema\/logo\/image\/"},"sameAs":["https:\/\/www.facebook.com\/ideSion","https:\/\/x.com\/info_ide","https:\/\/www.instagram.com\/ide.ch\/","https:\/\/fr.linkedin.com\/company\/institut-international-des-droits-de-l-enfant-ide"]}]}},"_links":{"self":[{"href":"https:\/\/childsrights.org\/en\/wp-json\/wp\/v2\/pages\/1447","targetHints":{"allow":["GET"]}}],"collection":[{"href":"https:\/\/childsrights.org\/en\/wp-json\/wp\/v2\/pages"}],"about":[{"href":"https:\/\/childsrights.org\/en\/wp-json\/wp\/v2\/types\/page"}],"author":[{"embeddable":true,"href":"https:\/\/childsrights.org\/en\/wp-json\/wp\/v2\/users\/2"}],"replies":[{"embeddable":true,"href":"https:\/\/childsrights.org\/en\/wp-json\/wp\/v2\/comments?post=1447"}],"version-history":[{"count":2,"href":"https:\/\/childsrights.org\/en\/wp-json\/wp\/v2\/pages\/1447\/revisions"}],"predecessor-version":[{"id":1454,"href":"https:\/\/childsrights.org\/en\/wp-json\/wp\/v2\/pages\/1447\/revisions\/1454"}],"wp:attachment":[{"href":"https:\/\/childsrights.org\/en\/wp-json\/wp\/v2\/media?parent=1447"}],"curies":[{"name":"wp","href":"https:\/\/api.w.org\/{rel}","templated":true}]}}